{"id":16315,"date":"2025-06-10T00:55:46","date_gmt":"2025-06-09T22:55:46","guid":{"rendered":"https:\/\/quimicapomiq.com\/?page_id=16315"},"modified":"2026-02-03T10:32:10","modified_gmt":"2026-02-03T09:32:10","slug":"recursos-humanos","status":"publish","type":"page","link":"https:\/\/quimicapomiq.com\/en\/recursos-humanos\/","title":{"rendered":"Recursos humanos"},"content":{"rendered":"<div data-elementor-type=\"wp-page\" data-elementor-id=\"16315\" class=\"elementor elementor-16315\" data-elementor-post-type=\"page\">\n\t\t\t\t\t\t<section class=\"elementor-section elementor-top-section elementor-element elementor-element-4494bf2b wd-section-stretch-content elementor-section-boxed elementor-section-height-default elementor-section-height-default\" data-id=\"4494bf2b\" data-element_type=\"section\" data-e-type=\"section\">\n\t\t\t\t\t\t<div class=\"elementor-container elementor-column-gap-no\">\n\t\t\t\t\t<div class=\"elementor-column elementor-col-100 elementor-top-column elementor-element elementor-element-6cf7ba3d aux-services\" data-id=\"6cf7ba3d\" data-element_type=\"column\" data-e-type=\"column\" data-settings=\"{&quot;background_background&quot;:&quot;gradient&quot;}\">\n\t\t\t<div class=\"elementor-widget-wrap elementor-element-populated\">\n\t\t\t\t\t\t<div class=\"elementor-element elementor-element-afabfce elementor-hidden-mobile elementor-widget elementor-widget-spacer\" data-id=\"afabfce\" data-element_type=\"widget\" data-e-type=\"widget\" data-widget_type=\"spacer.default\">\n\t\t\t\t<div class=\"elementor-widget-container\">\n\t\t\t\t\t\t\t<div class=\"elementor-spacer\">\n\t\t\t<div class=\"elementor-spacer-inner\"><\/div>\n\t\t<\/div>\n\t\t\t\t\t\t<\/div>\n\t\t\t\t<\/div>\n\t\t\t\t<div class=\"elementor-element elementor-element-b0f2614 wd-width-100 elementor-widget elementor-widget-wd_title\" data-id=\"b0f2614\" data-element_type=\"widget\" data-e-type=\"widget\" data-widget_type=\"wd_title.default\">\n\t\t\t\t<div class=\"elementor-widget-container\">\n\t\t\t\t\t\t\t<div class=\"title-wrapper wd-set-mb reset-last-child wd-title-color-primary wd-title-style-default wd-title-size-extra-large text-left\">\n\n\t\t\t\n\t\t\t<div class=\"liner-continer\">\n\t\t\t\t<h4 class=\"woodmart-title-container title wd-fontsize-xxxl\">OPORTUNIDADES<\/h4> \n\t\t\t\t\t\t\t<\/div>\n\n\t\t\t\t\t<\/div>\n\t\t\t\t\t\t<\/div>\n\t\t\t\t<\/div>\n\t\t\t\t<div class=\"elementor-element elementor-element-2474602 elementor-widget elementor-widget-wd_text_block\" data-id=\"2474602\" data-element_type=\"widget\" data-e-type=\"widget\" data-widget_type=\"wd_text_block.default\">\n\t\t\t\t<div class=\"elementor-widget-container\">\n\t\t\t\t\t\t\t<div class=\"wd-text-block reset-last-child text-left\">\n\t\t\t\n\t\t\t<p>D\u00e9janos tus datos te brindaremos una respuesta lo mas pronto posible.<\/p>\n\t\t\t\t\t<\/div>\n\t\t\t\t\t\t<\/div>\n\t\t\t\t<\/div>\n\t\t\t\t<div class=\"elementor-element elementor-element-160fe15e elementor-button-align-end elementor-widget elementor-widget-form\" data-id=\"160fe15e\" data-element_type=\"widget\" data-e-type=\"widget\" data-settings=\"{&quot;step_next_label&quot;:&quot;Next&quot;,&quot;step_previous_label&quot;:&quot;Previous&quot;,&quot;button_width&quot;:&quot;100&quot;,&quot;step_type&quot;:&quot;number_text&quot;,&quot;step_icon_shape&quot;:&quot;circle&quot;}\" data-widget_type=\"form.default\">\n\t\t\t\t<div class=\"elementor-widget-container\">\n\t\t\t\t\t\t\t<form class=\"elementor-form\" method=\"post\" name=\"New Form\" action=\"\">\n\t\t\t<input type=\"hidden\" name=\"post_id\" value=\"16315\"\/>\n\t\t\t<input type=\"hidden\" name=\"form_id\" value=\"160fe15e\"\/>\n\t\t\t<input type=\"hidden\" name=\"referer_title\" value=\"Recursos humanos - Soluciones en pinturas y recubrimientos. Empresa Mexicana especializada en productos qu\u00edmicos.\" \/>\n\n\t\t\t\t\t\t\t<input type=\"hidden\" name=\"queried_id\" value=\"16315\"\/>\n\t\t\t\n\t\t\t<div class=\"elementor-form-fields-wrapper elementor-labels-above\">\n\t\t\t\t\t\t\t\t<div class=\"elementor-field-type-text elementor-field-group elementor-column elementor-field-group-name elementor-col-50\">\n\t\t\t\t\t\t\t\t\t\t\t\t\t<input size=\"1\" type=\"text\" name=\"form_fields[name]\" id=\"form-field-name\" class=\"elementor-field elementor-size-sm  elementor-field-textual\" placeholder=\"Name\">\n\t\t\t\t\t\t\t\t\t\t\t<\/div>\n\t\t\t\t\t\t\t\t<div class=\"elementor-field-type-text elementor-field-group elementor-column elementor-field-group-field_c8a0404 elementor-col-50\">\n\t\t\t\t\t\t\t\t\t\t\t\t\t<input size=\"1\" type=\"text\" name=\"form_fields[field_c8a0404]\" id=\"form-field-field_c8a0404\" class=\"elementor-field elementor-size-sm  elementor-field-textual\" placeholder=\"Edad\">\n\t\t\t\t\t\t\t\t\t\t\t<\/div>\n\t\t\t\t\t\t\t\t<div class=\"elementor-field-type-select elementor-field-group elementor-column elementor-field-group-field_3a8f629 elementor-col-50\">\n\t\t\t\t\t\t\t<div class=\"elementor-field elementor-select-wrapper remove-before\">\n\t\t\t<div class=\"select-caret-down-wrapper\">\n\t\t\t\t<svg aria-hidden=\"true\" class=\"e-font-icon-svg e-eicon-caret-down\" viewbox=\"0 0 571.4 571.4\" xmlns=\"http:\/\/www.w3.org\/2000\/svg\"><path d=\"M571 393Q571 407 561 418L311 668Q300 679 286 679T261 668L11 418Q0 407 0 393T11 368 36 357H536Q550 357 561 368T571 393Z\"><\/path><\/svg>\t\t\t<\/div>\n\t\t\t<select name=\"form_fields[field_3a8f629]\" id=\"form-field-field_3a8f629\" class=\"elementor-field-textual elementor-size-sm\">\n\t\t\t\t\t\t\t\t\t<option value=\"Genero\">Genero<\/option>\n\t\t\t\t\t\t\t\t\t<option value=\"Mujer\">Mujer<\/option>\n\t\t\t\t\t\t\t\t\t<option value=\"Hombre\">Hombre<\/option>\n\t\t\t\t\t\t\t<\/select>\n\t\t<\/div>\n\t\t\t\t\t\t<\/div>\n\t\t\t\t\t\t\t\t<div class=\"elementor-field-type-email elementor-field-group elementor-column elementor-field-group-field_073eae4 elementor-col-50 elementor-field-required\">\n\t\t\t\t\t\t\t\t\t\t\t\t\t<input size=\"1\" type=\"email\" name=\"form_fields[field_073eae4]\" id=\"form-field-field_073eae4\" class=\"elementor-field elementor-size-sm  elementor-field-textual\" placeholder=\"Email\" required=\"required\">\n\t\t\t\t\t\t\t\t\t\t\t<\/div>\n\t\t\t\t\t\t\t\t<div class=\"elementor-field-type-tel elementor-field-group elementor-column elementor-field-group-email elementor-col-50 elementor-field-required\">\n\t\t\t\t\t\t\t<input size=\"1\" type=\"tel\" name=\"form_fields[email]\" id=\"form-field-email\" class=\"elementor-field elementor-size-sm  elementor-field-textual\" placeholder=\"Tel\u00e9fono\" required=\"required\" pattern=\"[0-9()#&amp;+*-=.]+\" title=\"S\u00f3lo se aceptan n\u00fameros y caracteres telef\u00f3nicos (#, -, *, etc.).\">\n\n\t\t\t\t\t\t<\/div>\n\t\t\t\t\t\t\t\t<div class=\"elementor-field-type-text elementor-field-group elementor-column elementor-field-group-field_0ccdb7d elementor-col-50 elementor-field-required\">\n\t\t\t\t\t\t\t\t\t\t\t\t\t<input size=\"1\" type=\"text\" name=\"form_fields[field_0ccdb7d]\" id=\"form-field-field_0ccdb7d\" class=\"elementor-field elementor-size-sm  elementor-field-textual\" placeholder=\"Whatsapp\" required=\"required\">\n\t\t\t\t\t\t\t\t\t\t\t<\/div>\n\t\t\t\t\t\t\t\t<div class=\"elementor-field-type-text elementor-field-group elementor-column elementor-field-group-field_da87825 elementor-col-50\">\n\t\t\t\t\t\t\t\t\t\t\t\t\t<input size=\"1\" type=\"text\" name=\"form_fields[field_da87825]\" id=\"form-field-field_da87825\" class=\"elementor-field elementor-size-sm  elementor-field-textual\" placeholder=\"Domicilio\">\n\t\t\t\t\t\t\t\t\t\t\t<\/div>\n\t\t\t\t\t\t\t\t<div class=\"elementor-field-type-select elementor-field-group elementor-column elementor-field-group-field_d9f9279 elementor-col-50 elementor-field-required\">\n\t\t\t\t\t\t\t<div class=\"elementor-field elementor-select-wrapper remove-before\">\n\t\t\t<div class=\"select-caret-down-wrapper\">\n\t\t\t\t<svg aria-hidden=\"true\" class=\"e-font-icon-svg e-eicon-caret-down\" viewbox=\"0 0 571.4 571.4\" xmlns=\"http:\/\/www.w3.org\/2000\/svg\"><path d=\"M571 393Q571 407 561 418L311 668Q300 679 286 679T261 668L11 418Q0 407 0 393T11 368 36 357H536Q550 357 561 368T571 393Z\"><\/path><\/svg>\t\t\t<\/div>\n\t\t\t<select name=\"form_fields[field_d9f9279]\" id=\"form-field-field_d9f9279\" class=\"elementor-field-textual elementor-size-sm\" required=\"required\">\n\t\t\t\t\t\t\t\t\t<option value=\"Estado:\">Estado:<\/option>\n\t\t\t\t\t\t\t\t\t<option value=\"Aguascalientes \">Aguascalientes <\/option>\n\t\t\t\t\t\t\t\t\t<option value=\"Baja California\">Baja California<\/option>\n\t\t\t\t\t\t\t\t\t<option value=\"Baja California Sur \">Baja California Sur <\/option>\n\t\t\t\t\t\t\t\t\t<option value=\"Campeche \">Campeche <\/option>\n\t\t\t\t\t\t\t\t\t<option value=\"Chiapas \">Chiapas <\/option>\n\t\t\t\t\t\t\t\t\t<option value=\"Chihuahua \">Chihuahua <\/option>\n\t\t\t\t\t\t\t\t\t<option value=\"Ciudad de M\u00e9xico \">Mexico city <\/option>\n\t\t\t\t\t\t\t\t\t<option value=\"Coahuila \">Coahuila <\/option>\n\t\t\t\t\t\t\t\t\t<option value=\"Colima \">Colima <\/option>\n\t\t\t\t\t\t\t\t\t<option value=\"Durango \">Durango <\/option>\n\t\t\t\t\t\t\t\t\t<option value=\"Estado de M\u00e9xico \">State of Mexico <\/option>\n\t\t\t\t\t\t\t\t\t<option value=\"Guanajuato \">Guanajuato <\/option>\n\t\t\t\t\t\t\t\t\t<option value=\"Guerrero \">Warrior <\/option>\n\t\t\t\t\t\t\t\t\t<option value=\"Hidalgo \">Hidalgo <\/option>\n\t\t\t\t\t\t\t\t\t<option value=\"Jalisco \">Jalisco <\/option>\n\t\t\t\t\t\t\t\t\t<option value=\"Michoac\u00e1n \">Michoac\u00e1n <\/option>\n\t\t\t\t\t\t\t\t\t<option value=\"Morelos \">Morelos <\/option>\n\t\t\t\t\t\t\t\t\t<option value=\"Nayarit \">Nayarit <\/option>\n\t\t\t\t\t\t\t\t\t<option value=\"Nuevo Le\u00f3n \">Nuevo Le\u00f3n <\/option>\n\t\t\t\t\t\t\t\t\t<option value=\"Oaxaca \">Oaxaca <\/option>\n\t\t\t\t\t\t\t\t\t<option value=\"Puebla \">Puebla <\/option>\n\t\t\t\t\t\t\t\t\t<option value=\"Quer\u00e9taro \">Quer\u00e9taro <\/option>\n\t\t\t\t\t\t\t\t\t<option value=\"Quintana Roo \">Quintana Roo <\/option>\n\t\t\t\t\t\t\t\t\t<option value=\"San Luis Potos\u00ed \">San Luis Potos\u00ed <\/option>\n\t\t\t\t\t\t\t\t\t<option value=\"Sinaloa \">Sinaloa <\/option>\n\t\t\t\t\t\t\t\t\t<option value=\"Sonora \">Sonora <\/option>\n\t\t\t\t\t\t\t\t\t<option value=\"Tabasco \">Tabasco <\/option>\n\t\t\t\t\t\t\t\t\t<option value=\"Tamaulipas \">Tamaulipas <\/option>\n\t\t\t\t\t\t\t\t\t<option value=\"Tlaxcala \">Tlaxcala <\/option>\n\t\t\t\t\t\t\t\t\t<option value=\"Veracruz \">Veracruz <\/option>\n\t\t\t\t\t\t\t\t\t<option value=\"Yucat\u00e1n \">Yucatan <\/option>\n\t\t\t\t\t\t\t\t\t<option value=\"Zacatecas \">Zacatecas <\/option>\n\t\t\t\t\t\t\t<\/select>\n\t\t<\/div>\n\t\t\t\t\t\t<\/div>\n\t\t\t\t\t\t\t\t<div class=\"elementor-field-type-textarea elementor-field-group elementor-column elementor-field-group-message elementor-col-100\">\n\t\t\t\t\t<textarea class=\"elementor-field-textual elementor-field  elementor-size-sm\" name=\"form_fields[message]\" id=\"form-field-message\" rows=\"4\" placeholder=\"Message\"><\/textarea>\t\t\t\t<\/div>\n\t\t\t\t\t\t\t\t<div class=\"elementor-field-type-text\">\n\t\t\t\t\t<input size=\"1\" type=\"text\" name=\"form_fields[field_f87ab20]\" id=\"form-field-field_f87ab20\" class=\"elementor-field elementor-size-sm\" style=\"display:none !important;\">\t\t\t\t<\/div>\n\t\t\t\t\t\t\t\t<div class=\"elementor-field-type-recaptcha_v3 elementor-field-group elementor-column elementor-field-group-field_23690c1 elementor-col-100 recaptcha_v3-inline\">\n\t\t\t\t\t<div class=\"elementor-field\" id=\"form-field-field_23690c1\"><div class=\"elementor-g-recaptcha\" data-sitekey=\"6Le4I_IqAAAAAOqsct-6QoI743O3qCEyZK7R91nu\" data-type=\"v3\" data-action=\"Form\" data-badge=\"inline\" data-size=\"invisible\"><\/div><\/div>\t\t\t\t<\/div>\n\t\t\t\t\t\t\t\t<div class=\"elementor-field-group elementor-column elementor-field-type-submit elementor-col-100 e-form__buttons\">\n\t\t\t\t\t<button class=\"elementor-button elementor-size-sm elementor-animation-shrink\" type=\"submit\">\n\t\t\t\t\t\t<span class=\"elementor-button-content-wrapper\">\n\t\t\t\t\t\t\t\t\t\t\t\t\t\t\t\t\t\t\t\t\t\t<span class=\"elementor-button-text\">Send<\/span>\n\t\t\t\t\t\t\t\t\t\t\t\t\t<\/span>\n\t\t\t\t\t<\/button>\n\t\t\t\t<\/div>\n\t\t\t<\/div>\n\t\t<input type=\"hidden\" name=\"trp-form-language\" value=\"en\"\/><\/form>\n\t\t\t\t\t\t<\/div>\n\t\t\t\t<\/div>\n\t\t\t\t\t<\/div>\n\t\t<\/div>\n\t\t\t\t\t<\/div>\n\t\t<\/section>\n\t\t\t\t<\/div>\n\t\t\n    <div class=\"xs_social_share_widget xs_share_url after_content \t\tmain_content  wslu-style-1 wslu-share-box-shaped wslu-fill-colored wslu-none wslu-share-horizontal wslu-theme-font-no wslu-main_content\">\n\n\t\t\n        <ul>\n\t\t\t        <\/ul>\n    <\/div>","protected":false},"excerpt":{"rendered":"<p>OPORTUNIDADES D\u00e9janos tus datos te brindaremos una respuesta lo mas pronto posible.<\/p>","protected":false},"author":1,"featured_media":0,"parent":0,"menu_order":0,"comment_status":"closed","ping_status":"closed","template":"","meta":{"postBodyCss":"","postBodyMargin":[],"postBodyPadding":[],"postBodyBackground":{"backgroundType":"classic","gradient":""},"footnotes":""},"class_list":["post-16315","page","type-page","status-publish","hentry"],"yoast_head":"<!-- This site is optimized with the Yoast SEO plugin v26.8 - https:\/\/yoast.com\/product\/yoast-seo-wordpress\/ -->\n<title>Recursos humanos - Soluciones en pinturas y recubrimientos. Empresa Mexicana especializada en productos qu\u00edmicos.<\/title>\n<meta name=\"robots\" content=\"noindex, nofollow\" \/>\n<meta property=\"og:locale\" content=\"en_US\" \/>\n<meta property=\"og:type\" content=\"article\" \/>\n<meta property=\"og:title\" content=\"Recursos humanos - Soluciones en pinturas y recubrimientos. Empresa Mexicana especializada en productos qu\u00edmicos.\" \/>\n<meta property=\"og:description\" content=\"OPORTUNIDADES D\u00e9janos tus datos te brindaremos una respuesta lo mas pronto posible.\" \/>\n<meta property=\"og:url\" content=\"https:\/\/quimicapomiq.com\/en\/recursos-humanos\/\" \/>\n<meta property=\"og:site_name\" content=\"Soluciones en pinturas y recubrimientos. Empresa Mexicana especializada en productos qu\u00edmicos.\" \/>\n<meta property=\"article:modified_time\" content=\"2026-02-03T09:32:10+00:00\" \/>\n<meta name=\"twitter:card\" content=\"summary_large_image\" \/>\n<meta name=\"twitter:label1\" content=\"Est. reading time\" \/>\n\t<meta name=\"twitter:data1\" content=\"1 minute\" \/>\n<script type=\"application\/ld+json\" class=\"yoast-schema-graph\">{\"@context\":\"https:\/\/schema.org\",\"@graph\":[{\"@type\":\"WebPage\",\"@id\":\"https:\/\/quimicapomiq.com\/recursos-humanos\/\",\"url\":\"https:\/\/quimicapomiq.com\/recursos-humanos\/\",\"name\":\"Recursos humanos - Soluciones en pinturas y recubrimientos. Empresa Mexicana especializada en productos qu\u00edmicos.\",\"isPartOf\":{\"@id\":\"https:\/\/quimicapomiq.com\/#website\"},\"datePublished\":\"2025-06-09T22:55:46+00:00\",\"dateModified\":\"2026-02-03T09:32:10+00:00\",\"breadcrumb\":{\"@id\":\"https:\/\/quimicapomiq.com\/recursos-humanos\/#breadcrumb\"},\"inLanguage\":\"en-US\",\"potentialAction\":[{\"@type\":\"ReadAction\",\"target\":[\"https:\/\/quimicapomiq.com\/recursos-humanos\/\"]}]},{\"@type\":\"BreadcrumbList\",\"@id\":\"https:\/\/quimicapomiq.com\/recursos-humanos\/#breadcrumb\",\"itemListElement\":[{\"@type\":\"ListItem\",\"position\":1,\"name\":\"Portada\",\"item\":\"https:\/\/quimicapomiq.com\/\"},{\"@type\":\"ListItem\",\"position\":2,\"name\":\"Recursos humanos\"}]},{\"@type\":\"WebSite\",\"@id\":\"https:\/\/quimicapomiq.com\/#website\",\"url\":\"https:\/\/quimicapomiq.com\/\",\"name\":\"Soluciones en pinturas y recubrimientos. Empresa Mexicana especializada en productos qu\u00edmicos.\",\"description\":\"\",\"potentialAction\":[{\"@type\":\"SearchAction\",\"target\":{\"@type\":\"EntryPoint\",\"urlTemplate\":\"https:\/\/quimicapomiq.com\/?s={search_term_string}\"},\"query-input\":{\"@type\":\"PropertyValueSpecification\",\"valueRequired\":true,\"valueName\":\"search_term_string\"}}],\"inLanguage\":\"en-US\"}]}<\/script>\n<!-- \/ Yoast SEO plugin. -->","yoast_head_json":{"title":"Recursos humanos - Soluciones en pinturas y recubrimientos. Empresa Mexicana especializada en productos qu\u00edmicos.","robots":{"index":"noindex","follow":"nofollow"},"og_locale":"en_US","og_type":"article","og_title":"Recursos humanos - Soluciones en pinturas y recubrimientos. Empresa Mexicana especializada en productos qu\u00edmicos.","og_description":"OPORTUNIDADES D\u00e9janos tus datos te brindaremos una respuesta lo mas pronto posible.","og_url":"https:\/\/quimicapomiq.com\/en\/recursos-humanos\/","og_site_name":"Soluciones en pinturas y recubrimientos. Empresa Mexicana especializada en productos qu\u00edmicos.","article_modified_time":"2026-02-03T09:32:10+00:00","twitter_card":"summary_large_image","twitter_misc":{"Est. reading time":"1 minute"},"schema":{"@context":"https:\/\/schema.org","@graph":[{"@type":"WebPage","@id":"https:\/\/quimicapomiq.com\/recursos-humanos\/","url":"https:\/\/quimicapomiq.com\/recursos-humanos\/","name":"Recursos humanos - Soluciones en pinturas y recubrimientos. Empresa Mexicana especializada en productos qu\u00edmicos.","isPartOf":{"@id":"https:\/\/quimicapomiq.com\/#website"},"datePublished":"2025-06-09T22:55:46+00:00","dateModified":"2026-02-03T09:32:10+00:00","breadcrumb":{"@id":"https:\/\/quimicapomiq.com\/recursos-humanos\/#breadcrumb"},"inLanguage":"en-US","potentialAction":[{"@type":"ReadAction","target":["https:\/\/quimicapomiq.com\/recursos-humanos\/"]}]},{"@type":"BreadcrumbList","@id":"https:\/\/quimicapomiq.com\/recursos-humanos\/#breadcrumb","itemListElement":[{"@type":"ListItem","position":1,"name":"Portada","item":"https:\/\/quimicapomiq.com\/"},{"@type":"ListItem","position":2,"name":"Recursos humanos"}]},{"@type":"WebSite","@id":"https:\/\/quimicapomiq.com\/#website","url":"https:\/\/quimicapomiq.com\/","name":"Soluciones en pinturas y recubrimientos. Empresa Mexicana especializada en productos qu\u00edmicos.","description":"","potentialAction":[{"@type":"SearchAction","target":{"@type":"EntryPoint","urlTemplate":"https:\/\/quimicapomiq.com\/?s={search_term_string}"},"query-input":{"@type":"PropertyValueSpecification","valueRequired":true,"valueName":"search_term_string"}}],"inLanguage":"en-US"}]}},"_links":{"self":[{"href":"https:\/\/quimicapomiq.com\/en\/wp-json\/wp\/v2\/pages\/16315","targetHints":{"allow":["GET"]}}],"collection":[{"href":"https:\/\/quimicapomiq.com\/en\/wp-json\/wp\/v2\/pages"}],"about":[{"href":"https:\/\/quimicapomiq.com\/en\/wp-json\/wp\/v2\/types\/page"}],"author":[{"embeddable":true,"href":"https:\/\/quimicapomiq.com\/en\/wp-json\/wp\/v2\/users\/1"}],"replies":[{"embeddable":true,"href":"https:\/\/quimicapomiq.com\/en\/wp-json\/wp\/v2\/comments?post=16315"}],"version-history":[{"count":31,"href":"https:\/\/quimicapomiq.com\/en\/wp-json\/wp\/v2\/pages\/16315\/revisions"}],"predecessor-version":[{"id":17012,"href":"https:\/\/quimicapomiq.com\/en\/wp-json\/wp\/v2\/pages\/16315\/revisions\/17012"}],"wp:attachment":[{"href":"https:\/\/quimicapomiq.com\/en\/wp-json\/wp\/v2\/media?parent=16315"}],"curies":[{"name":"wp","href":"https:\/\/api.w.org\/{rel}","templated":true}]}}