{"id":3,"date":"2024-03-01T21:39:50","date_gmt":"2024-03-01T20:39:50","guid":{"rendered":"https:\/\/quimicapomiq.com\/?page_id=3"},"modified":"2025-09-05T21:34:54","modified_gmt":"2025-09-05T19:34:54","slug":"politica-privacidad","status":"publish","type":"page","link":"https:\/\/quimicapomiq.com\/en\/politica-privacidad\/","title":{"rendered":"Pol\u00edtica de privacidad"},"content":{"rendered":"<div data-elementor-type=\"wp-page\" data-elementor-id=\"3\" class=\"elementor elementor-3\" data-elementor-post-type=\"page\">\n\t\t\t\t<div class=\"wd-negative-gap elementor-element elementor-element-248ba62e e-flex e-con-boxed e-con e-parent\" data-id=\"248ba62e\" data-element_type=\"container\" data-e-type=\"container\">\n\t\t\t\t\t<div class=\"e-con-inner\">\n\t\t\t\t<div class=\"elementor-element elementor-element-14d6d0b4 color-scheme-inherit text-left elementor-widget elementor-widget-text-editor\" data-id=\"14d6d0b4\" data-element_type=\"widget\" data-e-type=\"widget\" data-widget_type=\"text-editor.default\">\n\t\t\t\t<div class=\"elementor-widget-container\">\n\t\t\t\t\t\t\t\t\t<h1 style=\"text-align: center;\"><span style=\"color: #000000;\">Privacy notice<\/span><\/h1><p><span style=\"color: #000000;\">In compliance with what is established by the Federal Law of Protection of Personal Data in Possession of Individuals, Quimica Pomiq, with an address For the update., make your knowledge in this Privacy Notice, in consideration of the information which you have provided it to us voluntarily through our website, as well as in the development of our business activities, particularly in the supply services chemicals.<\/span><\/p><ol><li><p><span style=\"color: #000000;\"><strong>Data Collected:<\/strong> Quimica Pomiq, may collect and process personal data, such as name, address, telephone number, e-mail, and any other data that you voluntarily provide to us through our contact forms, emails, phone calls or any other means of communication.<\/span><\/p><\/li><li><p><span style=\"color: #000000;\"><strong>Purpose of data Processing:<\/strong> The personal data that we collect have as their primary purpose the provision of our services, as well as attention to your requests, queries, complaints or any other management related to our business activity. In addition, we may use your personal information to send you promotional information, advertising or marketing associated with our services to you, always and when you have given your express consent to do so.<\/span><\/p><\/li><li><p><span style=\"color: #000000;\"><strong>Security measures:<\/strong> Quimica Pomiq, has security measures in place administrative, technical and physical measures to protect your personal data against any damage, loss, alteration, unauthorized access or treatment not allowed.<\/span><\/p><\/li><li><p><span style=\"color: #000000;\"><strong>Data transfer:<\/strong> Your personal data may be shared with third parties only in the cases provided for by Law and for the fulfillment of the purposes described in this Privacy Notice.<\/span><\/p><\/li><li><p><span style=\"color: #000000;\"><strong>Exercise of Rights<\/strong>: You have the right to access, to rectify, cancel or oppose the processing of their personal data, as well as to revoke the consent you have given for the processing of the same, by sending a written request to our Privacy Department at the email address ventas@quimicapomiq.com<\/span><\/p><\/li><li><p><span style=\"color: #000000;\"><strong>Changes to the Privacy Notice:<\/strong> Qu\u00edmica Pomiq, se reserva el derecho de realizar en cualquier momento modificaciones o actualizaciones al presente Aviso de Privacidad, mismas que ser\u00e1n publicadas en nuestro sitio web https:\/\/quimicapomiq.com.<\/span><\/p><\/li><\/ol><p><span style=\"color: #000000;\">By providing us with your personal data, you acknowledge that you have read and understood this Privacy Notice, as well as agree to its terms and conditions.<\/span><\/p><p><span style=\"color: #000000;\">Date of last update: 05 March 2024.<\/span><\/p><p><span style=\"color: #000000;\">If you have any questions about this Privacy Notice or the processing of your personal data, please do not hesitate to contact us.<\/span><\/p><p><span style=\"color: #000000;\">Sincerely,<\/span><\/p><p><span style=\"color: #000000;\">Department of contact, Qu\u00edmica Pomiq.<\/span><\/p>\t\t\t\t\t\t\t\t<\/div>\n\t\t\t\t<\/div>\n\t\t\t\t\t<\/div>\n\t\t\t\t<\/div>\n\t\t\t\t<\/div>\n\t\t\n    <div class=\"xs_social_share_widget xs_share_url after_content \t\tmain_content  wslu-style-1 wslu-share-box-shaped wslu-fill-colored wslu-none wslu-share-horizontal wslu-theme-font-no wslu-main_content\">\n\n\t\t\n        <ul>\n\t\t\t        <\/ul>\n    <\/div>","protected":false},"excerpt":{"rendered":"<p>Aviso de Privacidad En cumplimiento con lo establecido por la Ley Federal de Protecci\u00f3n de Datos Personales en Posesi\u00f3n de<\/p>","protected":false},"author":1,"featured_media":15903,"parent":0,"menu_order":0,"comment_status":"closed","ping_status":"open","template":"","meta":{"postBodyCss":"","postBodyMargin":[],"postBodyPadding":[],"postBodyBackground":{"backgroundType":"classic","gradient":""},"footnotes":""},"class_list":["post-3","page","type-page","status-publish","has-post-thumbnail","hentry"],"yoast_head":"<!-- This site is optimized with the Yoast SEO plugin v26.8 - https:\/\/yoast.com\/product\/yoast-seo-wordpress\/ -->\n<title>Pol\u00edtica de privacidad - Soluciones en pinturas y recubrimientos. Empresa Mexicana especializada en productos qu\u00edmicos.<\/title>\n<meta name=\"robots\" content=\"noindex, nofollow\" \/>\n<meta property=\"og:locale\" content=\"en_US\" \/>\n<meta property=\"og:type\" content=\"article\" \/>\n<meta property=\"og:title\" content=\"Pol\u00edtica de privacidad - Soluciones en pinturas y recubrimientos. Empresa Mexicana especializada en productos qu\u00edmicos.\" \/>\n<meta property=\"og:description\" content=\"Aviso de Privacidad En cumplimiento con lo establecido por la Ley Federal de Protecci\u00f3n de Datos Personales en Posesi\u00f3n de\" \/>\n<meta property=\"og:url\" content=\"https:\/\/quimicapomiq.com\/en\/politica-privacidad\/\" \/>\n<meta property=\"og:site_name\" content=\"Soluciones en pinturas y recubrimientos. Empresa Mexicana especializada en productos qu\u00edmicos.\" \/>\n<meta property=\"article:modified_time\" content=\"2025-09-05T19:34:54+00:00\" \/>\n<meta property=\"og:image\" content=\"https:\/\/quimicapomiq.com\/wp-content\/uploads\/2024\/03\/cropped-favi-1.png\" \/>\n\t<meta property=\"og:image:width\" content=\"512\" \/>\n\t<meta property=\"og:image:height\" content=\"512\" \/>\n\t<meta property=\"og:image:type\" content=\"image\/png\" \/>\n<meta name=\"twitter:card\" content=\"summary_large_image\" \/>\n<meta name=\"twitter:label1\" content=\"Est. reading time\" \/>\n\t<meta name=\"twitter:data1\" content=\"2 minutes\" \/>\n<script type=\"application\/ld+json\" class=\"yoast-schema-graph\">{\"@context\":\"https:\/\/schema.org\",\"@graph\":[{\"@type\":\"WebPage\",\"@id\":\"https:\/\/quimicapomiq.com\/politica-privacidad\/\",\"url\":\"https:\/\/quimicapomiq.com\/politica-privacidad\/\",\"name\":\"Pol\u00edtica de privacidad - Soluciones en pinturas y recubrimientos. Empresa Mexicana especializada en productos qu\u00edmicos.\",\"isPartOf\":{\"@id\":\"https:\/\/quimicapomiq.com\/#website\"},\"primaryImageOfPage\":{\"@id\":\"https:\/\/quimicapomiq.com\/politica-privacidad\/#primaryimage\"},\"image\":{\"@id\":\"https:\/\/quimicapomiq.com\/politica-privacidad\/#primaryimage\"},\"thumbnailUrl\":\"https:\/\/quimicapomiq.com\/wp-content\/uploads\/2024\/03\/cropped-favi-1.png\",\"datePublished\":\"2024-03-01T20:39:50+00:00\",\"dateModified\":\"2025-09-05T19:34:54+00:00\",\"breadcrumb\":{\"@id\":\"https:\/\/quimicapomiq.com\/politica-privacidad\/#breadcrumb\"},\"inLanguage\":\"en-US\",\"potentialAction\":[{\"@type\":\"ReadAction\",\"target\":[\"https:\/\/quimicapomiq.com\/politica-privacidad\/\"]}]},{\"@type\":\"ImageObject\",\"inLanguage\":\"en-US\",\"@id\":\"https:\/\/quimicapomiq.com\/politica-privacidad\/#primaryimage\",\"url\":\"https:\/\/quimicapomiq.com\/wp-content\/uploads\/2024\/03\/cropped-favi-1.png\",\"contentUrl\":\"https:\/\/quimicapomiq.com\/wp-content\/uploads\/2024\/03\/cropped-favi-1.png\",\"width\":512,\"height\":512},{\"@type\":\"BreadcrumbList\",\"@id\":\"https:\/\/quimicapomiq.com\/politica-privacidad\/#breadcrumb\",\"itemListElement\":[{\"@type\":\"ListItem\",\"position\":1,\"name\":\"Portada\",\"item\":\"https:\/\/quimicapomiq.com\/\"},{\"@type\":\"ListItem\",\"position\":2,\"name\":\"Pol\u00edtica de privacidad\"}]},{\"@type\":\"WebSite\",\"@id\":\"https:\/\/quimicapomiq.com\/#website\",\"url\":\"https:\/\/quimicapomiq.com\/\",\"name\":\"Soluciones en pinturas y recubrimientos. Empresa Mexicana especializada en productos qu\u00edmicos.\",\"description\":\"\",\"potentialAction\":[{\"@type\":\"SearchAction\",\"target\":{\"@type\":\"EntryPoint\",\"urlTemplate\":\"https:\/\/quimicapomiq.com\/?s={search_term_string}\"},\"query-input\":{\"@type\":\"PropertyValueSpecification\",\"valueRequired\":true,\"valueName\":\"search_term_string\"}}],\"inLanguage\":\"en-US\"}]}<\/script>\n<!-- \/ Yoast SEO plugin. -->","yoast_head_json":{"title":"Pol\u00edtica de privacidad - Soluciones en pinturas y recubrimientos. Empresa Mexicana especializada en productos qu\u00edmicos.","robots":{"index":"noindex","follow":"nofollow"},"og_locale":"en_US","og_type":"article","og_title":"Pol\u00edtica de privacidad - Soluciones en pinturas y recubrimientos. Empresa Mexicana especializada en productos qu\u00edmicos.","og_description":"Aviso de Privacidad En cumplimiento con lo establecido por la Ley Federal de Protecci\u00f3n de Datos Personales en Posesi\u00f3n de","og_url":"https:\/\/quimicapomiq.com\/en\/politica-privacidad\/","og_site_name":"Soluciones en pinturas y recubrimientos. Empresa Mexicana especializada en productos qu\u00edmicos.","article_modified_time":"2025-09-05T19:34:54+00:00","og_image":[{"width":512,"height":512,"url":"https:\/\/quimicapomiq.com\/wp-content\/uploads\/2024\/03\/cropped-favi-1.png","type":"image\/png"}],"twitter_card":"summary_large_image","twitter_misc":{"Est. reading time":"2 minutes"},"schema":{"@context":"https:\/\/schema.org","@graph":[{"@type":"WebPage","@id":"https:\/\/quimicapomiq.com\/politica-privacidad\/","url":"https:\/\/quimicapomiq.com\/politica-privacidad\/","name":"Pol\u00edtica de privacidad - Soluciones en pinturas y recubrimientos. Empresa Mexicana especializada en productos qu\u00edmicos.","isPartOf":{"@id":"https:\/\/quimicapomiq.com\/#website"},"primaryImageOfPage":{"@id":"https:\/\/quimicapomiq.com\/politica-privacidad\/#primaryimage"},"image":{"@id":"https:\/\/quimicapomiq.com\/politica-privacidad\/#primaryimage"},"thumbnailUrl":"https:\/\/quimicapomiq.com\/wp-content\/uploads\/2024\/03\/cropped-favi-1.png","datePublished":"2024-03-01T20:39:50+00:00","dateModified":"2025-09-05T19:34:54+00:00","breadcrumb":{"@id":"https:\/\/quimicapomiq.com\/politica-privacidad\/#breadcrumb"},"inLanguage":"en-US","potentialAction":[{"@type":"ReadAction","target":["https:\/\/quimicapomiq.com\/politica-privacidad\/"]}]},{"@type":"ImageObject","inLanguage":"en-US","@id":"https:\/\/quimicapomiq.com\/politica-privacidad\/#primaryimage","url":"https:\/\/quimicapomiq.com\/wp-content\/uploads\/2024\/03\/cropped-favi-1.png","contentUrl":"https:\/\/quimicapomiq.com\/wp-content\/uploads\/2024\/03\/cropped-favi-1.png","width":512,"height":512},{"@type":"BreadcrumbList","@id":"https:\/\/quimicapomiq.com\/politica-privacidad\/#breadcrumb","itemListElement":[{"@type":"ListItem","position":1,"name":"Portada","item":"https:\/\/quimicapomiq.com\/"},{"@type":"ListItem","position":2,"name":"Pol\u00edtica de privacidad"}]},{"@type":"WebSite","@id":"https:\/\/quimicapomiq.com\/#website","url":"https:\/\/quimicapomiq.com\/","name":"Soluciones en pinturas y recubrimientos. Empresa Mexicana especializada en productos qu\u00edmicos.","description":"","potentialAction":[{"@type":"SearchAction","target":{"@type":"EntryPoint","urlTemplate":"https:\/\/quimicapomiq.com\/?s={search_term_string}"},"query-input":{"@type":"PropertyValueSpecification","valueRequired":true,"valueName":"search_term_string"}}],"inLanguage":"en-US"}]}},"_links":{"self":[{"href":"https:\/\/quimicapomiq.com\/en\/wp-json\/wp\/v2\/pages\/3","targetHints":{"allow":["GET"]}}],"collection":[{"href":"https:\/\/quimicapomiq.com\/en\/wp-json\/wp\/v2\/pages"}],"about":[{"href":"https:\/\/quimicapomiq.com\/en\/wp-json\/wp\/v2\/types\/page"}],"author":[{"embeddable":true,"href":"https:\/\/quimicapomiq.com\/en\/wp-json\/wp\/v2\/users\/1"}],"replies":[{"embeddable":true,"href":"https:\/\/quimicapomiq.com\/en\/wp-json\/wp\/v2\/comments?post=3"}],"version-history":[{"count":11,"href":"https:\/\/quimicapomiq.com\/en\/wp-json\/wp\/v2\/pages\/3\/revisions"}],"predecessor-version":[{"id":15966,"href":"https:\/\/quimicapomiq.com\/en\/wp-json\/wp\/v2\/pages\/3\/revisions\/15966"}],"wp:featuredmedia":[{"embeddable":true,"href":"https:\/\/quimicapomiq.com\/en\/wp-json\/wp\/v2\/media\/15903"}],"wp:attachment":[{"href":"https:\/\/quimicapomiq.com\/en\/wp-json\/wp\/v2\/media?parent=3"}],"curies":[{"name":"wp","href":"https:\/\/api.w.org\/{rel}","templated":true}]}}